{"id":1060,"date":"2021-04-23T11:08:56","date_gmt":"2021-04-23T08:08:56","guid":{"rendered":"https:\/\/natures-sunshine.nsp25.md\/product\/nature-s-noni-juice-sok-noni"},"modified":"2026-03-10T19:16:44","modified_gmt":"2026-03-10T17:16:44","slug":"nature-s-noni-juice-sok-noni","status":"publish","type":"product","link":"https:\/\/natures-sunshine.nsp25.md\/ro\/produs\/nature-s-noni-juice-sok-noni","title":{"rendered":"Nature\u2019s Noni Juice"},"content":{"rendered":"","protected":false},"excerpt":{"rendered":"[trp_language language=\"ru_RU\"]\n<ul>\n<li>Regleaz\u0103 func\u021biile gastro-intestinale.<\/li>\n<li>Are ac\u021biune antiinflamatoare \u0219i analgezic\u0103.<\/li>\n<li>Normalizeaz\u0103 func\u021bionarea sistemului nervos central.<\/li>\n<li>\u00cembun\u0103t\u0103\u021be\u0219te func\u021biile sistemului endocrin.<\/li>\n<li>Scade tensiunea arterial\u0103.<\/li>\n<li>\u00cent\u0103re\u0219te sistemul imunitar.<\/li>\n<\/ul>\n<p>[\/trp_language]<\/p>\n<ul>\n<li>Sunt actiune adaptogena si tonifianta asupra intregului organismus<\/li>\n<li>Normalizeaza tensiunea arteriala<\/li>\n<li>Imbunatateste functiile tractului gastrointestinal<\/li>\n<li>Imbunatateste functiile sistemului nervos central si periferic<\/li>\n<li>Diminueaza durerile, mai ales cele, articulare si menstruale, cefaleele<\/li>\n<li>Sunt actiune imunomodulatoare si antiinflamatoare<\/li>\n<li>Regleaza echilibrul endocrin<\/li>\n<\/ul>\n<p>[\/trp_language]<\/p>","protected":false},"featured_media":61666,"template":"","meta":[],"product_brand":[],"product_cat":[138,109,110,145,128,111,153,121,115],"product_tag":[117,123,131,151,134,124,118,148,125,149,132,152,126,120],"class_list":{"0":"post-1060","1":"product","2":"type-product","3":"status-publish","4":"has-post-thumbnail","6":"product_cat-zrenie","7":"product_cat-fitoprodukty","8":"product_cat-zdorovoe-pitanie","9":"product_cat-dlja-razvitija-rebenka","10":"product_cat-koktejli-i-napitki","11":"product_cat-sistemy-organizma","12":"product_cat-dyhatelnaja","13":"product_cat-immunnaja","14":"product_cat-jendokrinnaja","15":"product_tag-bad","16":"product_tag-vitaminnye-kompleksy","17":"product_tag-golovnoj-mozg-i-nervnaja-sistema","18":"product_tag-dlja-detej","19":"product_tag-dlja-zhenshhin","20":"product_tag-dlja-korrekcii-vesa","21":"product_tag-dlja-muzhchin","22":"product_tag-dlja-podderzhanija-fizicheskoj-aktivnosti","23":"product_tag-dlja-pozhilyh","24":"product_tag-dlja-sportsmenov","25":"product_tag-immunnaja-sistema","26":"product_tag-oporno-dvigatelnaja-sistema","27":"product_tag-pishhevaritelnaja-sistema","28":"product_tag-jendokrinnaja-sistema","30":"first","31":"instock","32":"sale","33":"shipping-taxable","34":"purchasable","35":"product-type-simple"},"_links":{"self":[{"href":"https:\/\/natures-sunshine.nsp25.md\/ro\/wp-json\/wp\/v2\/product\/1060","targetHints":{"allow":["GET"]}}],"collection":[{"href":"https:\/\/natures-sunshine.nsp25.md\/ro\/wp-json\/wp\/v2\/product"}],"about":[{"href":"https:\/\/natures-sunshine.nsp25.md\/ro\/wp-json\/wp\/v2\/types\/product"}],"wp:featuredmedia":[{"embeddable":true,"href":"https:\/\/natures-sunshine.nsp25.md\/ro\/wp-json\/wp\/v2\/media\/61666"}],"wp:attachment":[{"href":"https:\/\/natures-sunshine.nsp25.md\/ro\/wp-json\/wp\/v2\/media?parent=1060"}],"wp:term":[{"taxonomy":"product_brand","embeddable":true,"href":"https:\/\/natures-sunshine.nsp25.md\/ro\/wp-json\/wp\/v2\/product_brand?post=1060"},{"taxonomy":"product_cat","embeddable":true,"href":"https:\/\/natures-sunshine.nsp25.md\/ro\/wp-json\/wp\/v2\/product_cat?post=1060"},{"taxonomy":"product_tag","embeddable":true,"href":"https:\/\/natures-sunshine.nsp25.md\/ro\/wp-json\/wp\/v2\/product_tag?post=1060"}],"curies":[{"name":"wp","href":"https:\/\/api.w.org\/{rel}","templated":true}]}}